{"id":3,"date":"2025-10-06T06:27:08","date_gmt":"2025-10-06T06:27:08","guid":{"rendered":"https:\/\/mur-digital-france.fr\/?page_id=3"},"modified":"2025-10-15T03:14:26","modified_gmt":"2025-10-15T03:14:26","slug":"politique-de-confidentialite","status":"publish","type":"page","link":"https:\/\/mur-digital-france.fr\/?page_id=3","title":{"rendered":"Politique de confidentialit\u00e9"},"content":{"rendered":"\t\t<div data-elementor-type=\"wp-page\" data-elementor-id=\"3\" class=\"elementor elementor-3\" data-elementor-post-type=\"page\">\n\t\t\t\t\t\t<section class=\"elementor-section elementor-top-section elementor-element elementor-element-1f27ddb1 elementor-section-boxed elementor-section-height-default elementor-section-height-default\" data-id=\"1f27ddb1\" data-element_type=\"section\" data-settings=\"{&quot;background_background&quot;:&quot;classic&quot;}\">\n\t\t\t\t\t\t\t<div class=\"elementor-background-overlay\"><\/div>\n\t\t\t\t\t\t\t<div class=\"elementor-container elementor-column-gap-default\">\n\t\t\t\t\t<div class=\"elementor-column elementor-col-100 elementor-top-column elementor-element elementor-element-93c79bd\" data-id=\"93c79bd\" data-element_type=\"column\">\n\t\t\t<div class=\"elementor-widget-wrap elementor-element-populated\">\n\t\t\t\t\t\t<div class=\"elementor-element elementor-element-3b02c2d6 elementor-invisible elementor-widget elementor-widget-heading\" data-id=\"3b02c2d6\" data-element_type=\"widget\" data-settings=\"{&quot;_animation&quot;:&quot;fadeInUp&quot;}\" data-widget_type=\"heading.default\">\n\t\t\t\t\t<h1 class=\"elementor-heading-title elementor-size-default\">Politique de confidentialit\u00e9<\/h1>\t\t\t\t<\/div>\n\t\t\t\t\t<\/div>\n\t\t<\/div>\n\t\t\t\t\t<\/div>\n\t\t<\/section>\n\t\t<div class=\"elementor-element elementor-element-683ca200 e-flex e-con-boxed e-con e-parent\" data-id=\"683ca200\" data-element_type=\"container\">\n\t\t\t\t\t<div class=\"e-con-inner\">\n\t\t\t\t<div class=\"elementor-element elementor-element-67b30980 elementor-widget elementor-widget-text-editor\" data-id=\"67b30980\" data-element_type=\"widget\" data-widget_type=\"text-editor.default\">\n\t\t\t\t\t\t\t\t\t\n<h4 class=\"wp-block-heading\" data-start=\"325\" data-end=\"344\">1. Introduction<\/h4>\n<p data-start=\"346\" data-end=\"588\">La pr\u00e9sente politique de confidentialit\u00e9 d\u00e9crit la mani\u00e8re dont <strong data-start=\"410\" data-end=\"425\">DIGI AND CO<\/strong>, exploitant le site <a class=\"decorated-link\" href=\"https:\/\/mur-digital-france.fr\/\" target=\"_new\" rel=\"noopener\" data-start=\"446\" data-end=\"510\">https:\/\/mur-digital-france.fr\/<\/a>, collecte, utilise et prot\u00e8ge les informations personnelles des utilisateurs.<\/p>\n<p data-start=\"590\" data-end=\"782\">En utilisant le site, vous acceptez la collecte et l\u2019utilisation de vos donn\u00e9es conform\u00e9ment \u00e0 cette politique. Si vous n\u2019acceptez pas ses termes, nous vous invitons \u00e0 ne pas utiliser le site.<\/p>\n<h4 data-start=\"789\" data-end=\"821\">2. Responsable du traitement<\/h4>\n<p data-start=\"823\" data-end=\"997\">Le responsable du traitement des donn\u00e9es est :<br data-start=\"869\" data-end=\"872\" \/><strong data-start=\"872\" data-end=\"887\">DIGI AND CO<\/strong><br data-start=\"887\" data-end=\"890\" \/>SIRET : 84807222900018<br data-start=\"912\" data-end=\"915\" \/>Si\u00e8ge social : 47 Rue des Hallettes, 76000 ROUEN<br data-start=\"963\" data-end=\"966\" \/>Email : info(@)monmurdigital.fr<\/p>\n<h4 data-start=\"1004\" data-end=\"1029\">3. Donn\u00e9es collect\u00e9es<\/h4>\n<p data-start=\"1031\" data-end=\"1210\">Nous collectons uniquement les donn\u00e9es n\u00e9cessaires au bon fonctionnement du site et \u00e0 la gestion des demandes des utilisateurs.<br data-start=\"1158\" data-end=\"1161\" \/>Les donn\u00e9es susceptibles d\u2019\u00eatre collect\u00e9es sont :<\/p>\n<ul data-start=\"1212\" data-end=\"1517\">\n<li data-start=\"1212\" data-end=\"1299\">\n<p data-start=\"1214\" data-end=\"1299\"><strong data-start=\"1214\" data-end=\"1246\">Via le formulaire de contact<\/strong> : nom, pr\u00e9nom, adresse e-mail, t\u00e9l\u00e9phone, message.<\/p>\n<\/li>\n<li data-start=\"1300\" data-end=\"1444\">\n<p data-start=\"1302\" data-end=\"1444\"><strong data-start=\"1302\" data-end=\"1335\">Via la navigation sur le site<\/strong> : adresse IP, type de navigateur, temps de visite, pages consult\u00e9es (via cookies statistiques anonymis\u00e9s).<\/p>\n<\/li>\n<li data-start=\"1445\" data-end=\"1517\">\n<p data-start=\"1447\" data-end=\"1517\"><strong data-start=\"1447\" data-end=\"1461\">Autres cas<\/strong> : donn\u00e9es \u00e9chang\u00e9es lors de correspondances par e-mail.<\/p>\n<\/li>\n<\/ul>\n<h4 data-start=\"1524\" data-end=\"1555\">4. Finalit\u00e9s de la collecte<\/h4>\n<p data-start=\"1557\" data-end=\"1615\">Les donn\u00e9es sont collect\u00e9es pour les finalit\u00e9s suivantes :<\/p>\n<ul data-start=\"1617\" data-end=\"1848\">\n<li data-start=\"1617\" data-end=\"1681\">\n<p data-start=\"1619\" data-end=\"1681\">R\u00e9pondre aux demandes envoy\u00e9es via le formulaire de contact.<\/p>\n<\/li>\n<li data-start=\"1682\" data-end=\"1732\">\n<p data-start=\"1684\" data-end=\"1732\">Am\u00e9liorer la navigation et le contenu du site.<\/p>\n<\/li>\n<li data-start=\"1733\" data-end=\"1783\">\n<p data-start=\"1735\" data-end=\"1783\">Assurer la s\u00e9curit\u00e9 et la maintenance du site.<\/p>\n<\/li>\n<li data-start=\"1784\" data-end=\"1848\">\n<p data-start=\"1786\" data-end=\"1848\">G\u00e9rer la relation commerciale avec les clients et prospects.<\/p>\n<\/li>\n<\/ul>\n<p data-start=\"1850\" data-end=\"1925\">Aucune donn\u00e9e n\u2019est vendue ni partag\u00e9e \u00e0 des tiers \u00e0 des fins commerciales.<\/p>\n<h4 data-start=\"1932\" data-end=\"1964\">5. Base l\u00e9gale du traitement<\/h4>\n<p data-start=\"1966\" data-end=\"2097\">Conform\u00e9ment au <strong data-start=\"1982\" data-end=\"2054\">R\u00e8glement G\u00e9n\u00e9ral sur la Protection des Donn\u00e9es (RGPD \u2013 UE 2016\/679)<\/strong>, le traitement de vos donn\u00e9es repose sur :<\/p>\n<ul data-start=\"2099\" data-end=\"2357\">\n<li data-start=\"2099\" data-end=\"2159\">\n<p data-start=\"2101\" data-end=\"2159\">Votre <strong data-start=\"2107\" data-end=\"2123\">consentement<\/strong> (formulaire de contact, cookies).<\/p>\n<\/li>\n<li data-start=\"2160\" data-end=\"2267\">\n<p data-start=\"2162\" data-end=\"2267\">L\u2019<strong data-start=\"2164\" data-end=\"2222\">ex\u00e9cution d\u2019un contrat ou de mesures pr\u00e9contractuelles<\/strong> (demande de devis, contact professionnel).<\/p>\n<\/li>\n<li data-start=\"2268\" data-end=\"2357\">\n<p data-start=\"2270\" data-end=\"2357\">L\u2019<strong data-start=\"2272\" data-end=\"2292\">int\u00e9r\u00eat l\u00e9gitime<\/strong> de l\u2019entreprise \u00e0 assurer la s\u00e9curit\u00e9 et la maintenance du site.<\/p>\n<\/li>\n<\/ul>\n<h4 data-start=\"2364\" data-end=\"2396\">6. Destinataires des donn\u00e9es<\/h4>\n<p data-start=\"2398\" data-end=\"2639\">Les donn\u00e9es collect\u00e9es sont destin\u00e9es uniquement \u00e0 <strong data-start=\"2449\" data-end=\"2464\">DIGI AND CO<\/strong> et \u00e0 ses collaborateurs autoris\u00e9s.<br data-start=\"2499\" data-end=\"2502\" \/>Elles peuvent \u00eatre transmises \u00e0 des prestataires techniques (h\u00e9bergeur, maintenance web) strictement pour les besoins techniques du site.<\/p>\n<p data-start=\"2641\" data-end=\"2722\"><strong data-start=\"2641\" data-end=\"2656\">H\u00e9bergeur :<\/strong> OVH \u2013 2 rue Kellermann, BP 80157, 59053 ROUBAIX CEDEX 1 \u2013 France.<\/p>\n<h4 data-start=\"2729\" data-end=\"2757\">7. Dur\u00e9e de conservation<\/h4>\n<p data-start=\"2759\" data-end=\"2887\">Les donn\u00e9es sont conserv\u00e9es pour une dur\u00e9e n\u2019exc\u00e9dant pas celle n\u00e9cessaire aux finalit\u00e9s pour lesquelles elles sont collect\u00e9es :<\/p>\n<ul data-start=\"2889\" data-end=\"3089\">\n<li data-start=\"2889\" data-end=\"2947\">\n<p data-start=\"2891\" data-end=\"2947\">Donn\u00e9es de contact : 12 mois apr\u00e8s le dernier \u00e9change.<\/p>\n<\/li>\n<li data-start=\"2948\" data-end=\"3005\">\n<p data-start=\"2950\" data-end=\"3005\">Donn\u00e9es techniques (logs, cookies) : 13 mois maximum.<\/p>\n<\/li>\n<li data-start=\"3006\" data-end=\"3089\">\n<p data-start=\"3008\" data-end=\"3089\">Donn\u00e9es clients : dur\u00e9e l\u00e9gale de conservation comptable et fiscale (10 ans max).<\/p>\n<\/li>\n<\/ul>\n<h4 data-start=\"3096\" data-end=\"3110\">8. Cookies<\/h4>\n<p data-start=\"3112\" data-end=\"3287\">Le site <a class=\"decorated-link\" href=\"https:\/\/mur-digital-france.fr\/\" target=\"_new\" rel=\"noopener\" data-start=\"3120\" data-end=\"3184\">https:\/\/mur-digital-france.fr\/<\/a> utilise des cookies afin d\u2019am\u00e9liorer l\u2019exp\u00e9rience utilisateur et d\u2019\u00e9tablir des statistiques de visite.<\/p>\n<p data-start=\"3289\" data-end=\"3387\">Vous pouvez \u00e0 tout moment refuser ou supprimer les cookies via les param\u00e8tres de votre navigateur.<\/p>\n<p data-start=\"3389\" data-end=\"3416\">Types de cookies utilis\u00e9s :<\/p>\n<ul data-start=\"3417\" data-end=\"3583\">\n<li data-start=\"3417\" data-end=\"3482\">\n<p data-start=\"3419\" data-end=\"3482\"><strong data-start=\"3419\" data-end=\"3442\">Cookies n\u00e9cessaires<\/strong> : assurent le fonctionnement du site.<\/p>\n<\/li>\n<li data-start=\"3483\" data-end=\"3583\">\n<p data-start=\"3485\" data-end=\"3583\"><strong data-start=\"3485\" data-end=\"3508\">Cookies analytiques<\/strong> (Google Analytics ou \u00e9quivalent) : mesures de fr\u00e9quentation anonymis\u00e9es.<\/p>\n<\/li>\n<\/ul>\n<p data-start=\"3585\" data-end=\"3625\">Aucun cookie publicitaire n\u2019est utilis\u00e9.<\/p>\n<h4 data-start=\"3632\" data-end=\"3659\">9. S\u00e9curit\u00e9 des donn\u00e9es<\/h4>\n<p data-start=\"3661\" data-end=\"3855\">DIGI AND CO met en \u0153uvre toutes les mesures techniques et organisationnelles n\u00e9cessaires pour prot\u00e9ger vos donn\u00e9es contre l\u2019acc\u00e8s non autoris\u00e9, la divulgation, la modification ou la destruction.<\/p>\n<p data-start=\"3857\" data-end=\"4001\">Cependant, aucun syst\u00e8me n\u2019est totalement s\u00e9curis\u00e9. L\u2019utilisateur reconna\u00eet les risques inh\u00e9rents \u00e0 la transmission d\u2019informations sur Internet.<\/p>\n<h4 data-start=\"4008\" data-end=\"4026\">10. Vos droits<\/h4>\n<p data-start=\"4028\" data-end=\"4157\">Conform\u00e9ment \u00e0 la loi <strong data-start=\"4050\" data-end=\"4078\">Informatique et Libert\u00e9s<\/strong> du 6 janvier 1978 modifi\u00e9e et au <strong data-start=\"4112\" data-end=\"4120\">RGPD<\/strong>, vous disposez des droits suivants :<\/p>\n<ul data-start=\"4159\" data-end=\"4343\">\n<li data-start=\"4159\" data-end=\"4191\">\n<p data-start=\"4161\" data-end=\"4191\">Droit d\u2019acc\u00e8s \u00e0 vos donn\u00e9es.<\/p>\n<\/li>\n<li data-start=\"4192\" data-end=\"4219\">\n<p data-start=\"4194\" data-end=\"4219\">Droit de rectification.<\/p>\n<\/li>\n<li data-start=\"4220\" data-end=\"4261\">\n<p data-start=\"4222\" data-end=\"4261\">Droit d\u2019opposition et de suppression.<\/p>\n<\/li>\n<li data-start=\"4262\" data-end=\"4302\">\n<p data-start=\"4264\" data-end=\"4302\">Droit \u00e0 la limitation du traitement.<\/p>\n<\/li>\n<li data-start=\"4303\" data-end=\"4343\">\n<p data-start=\"4305\" data-end=\"4343\">Droit \u00e0 la portabilit\u00e9 de vos donn\u00e9es.<\/p>\n<\/li>\n<\/ul>\n<p data-start=\"4345\" data-end=\"4440\">Pour exercer ces droits, adressez votre demande par e-mail \u00e0 :<br data-start=\"4407\" data-end=\"4410\" \/>\ud83d\udce9 <strong data-start=\"4413\" data-end=\"4440\">info(@)monmurdigital.fr<\/strong><\/p>\n<p data-start=\"4442\" data-end=\"4510\">DIGI AND CO s\u2019engage \u00e0 y r\u00e9pondre dans un d\u00e9lai maximal de 30 jours.<\/p>\n<h4 data-start=\"4517\" data-end=\"4556\">11. Transfert hors Union Europ\u00e9enne<\/h4>\n<p data-start=\"4558\" data-end=\"4640\">Aucun transfert de donn\u00e9es personnelles hors de l\u2019Union Europ\u00e9enne n\u2019est effectu\u00e9.<\/p>\n<h4 data-start=\"4647\" data-end=\"4683\">12. Modification de la politique<\/h4>\n<p data-start=\"4685\" data-end=\"4882\">DIGI AND CO se r\u00e9serve le droit de modifier la pr\u00e9sente politique \u00e0 tout moment.<br data-start=\"4765\" data-end=\"4768\" \/>Les utilisateurs sont invit\u00e9s \u00e0 la consulter r\u00e9guli\u00e8rement afin de se tenir inform\u00e9s des \u00e9ventuelles mises \u00e0 jour.<\/p>\n<h4 data-start=\"4889\" data-end=\"4904\">13. Contact<\/h4>\n<p data-start=\"4906\" data-end=\"5090\">Pour toute question relative \u00e0 la pr\u00e9sente politique ou \u00e0 la gestion de vos donn\u00e9es personnelles :<br data-start=\"5004\" data-end=\"5007\" \/><strong data-start=\"5007\" data-end=\"5022\">DIGI AND CO<\/strong><br data-start=\"5022\" data-end=\"5025\" \/>\ud83d\udccd 47 Rue des Hallettes, 76000 ROUEN<br data-start=\"5061\" data-end=\"5064\" \/>\ud83d\udce7 info(@)monmurdigital.fr<\/p>\n\n<p>\u00a0<\/p>\t\t\t\t\t\t\t\t<\/div>\n\t\t\t\t\t<\/div>\n\t\t\t\t<\/div>\n\t\t\t\t<\/div>\n\t\t","protected":false},"excerpt":{"rendered":"<p>1. Introduction La pr\u00e9sente politique de confidentialit\u00e9 d\u00e9crit la mani\u00e8re dont DIGI AND CO, exploitant le site https:\/\/mur-digital-france.fr\/, collecte, utilise et prot\u00e8ge les informations personnelles des utilisateurs. En utilisant le site, vous acceptez la collecte et l\u2019utilisation de vos donn\u00e9es conform\u00e9ment \u00e0 cette politique. Si vous n\u2019acceptez pas ses termes, nous vous invitons \u00e0 ne [&hellip;]<\/p>\n","protected":false},"author":1,"featured_media":0,"parent":0,"menu_order":0,"comment_status":"closed","ping_status":"closed","template":"elementor_header_footer","meta":{"_acf_changed":false,"footnotes":""},"class_list":["post-3","page","type-page","status-publish","hentry"],"acf":[],"_links":{"self":[{"href":"https:\/\/mur-digital-france.fr\/index.php?rest_route=\/wp\/v2\/pages\/3","targetHints":{"allow":["GET"]}}],"collection":[{"href":"https:\/\/mur-digital-france.fr\/index.php?rest_route=\/wp\/v2\/pages"}],"about":[{"href":"https:\/\/mur-digital-france.fr\/index.php?rest_route=\/wp\/v2\/types\/page"}],"author":[{"embeddable":true,"href":"https:\/\/mur-digital-france.fr\/index.php?rest_route=\/wp\/v2\/users\/1"}],"replies":[{"embeddable":true,"href":"https:\/\/mur-digital-france.fr\/index.php?rest_route=%2Fwp%2Fv2%2Fcomments&post=3"}],"version-history":[{"count":10,"href":"https:\/\/mur-digital-france.fr\/index.php?rest_route=\/wp\/v2\/pages\/3\/revisions"}],"predecessor-version":[{"id":428,"href":"https:\/\/mur-digital-france.fr\/index.php?rest_route=\/wp\/v2\/pages\/3\/revisions\/428"}],"wp:attachment":[{"href":"https:\/\/mur-digital-france.fr\/index.php?rest_route=%2Fwp%2Fv2%2Fmedia&parent=3"}],"curies":[{"name":"wp","href":"https:\/\/api.w.org\/{rel}","templated":true}]}}